{"id":6703,"date":"2023-07-04T01:01:42","date_gmt":"2023-07-03T23:01:42","guid":{"rendered":"https:\/\/remidivingmexico.com\/privacy-policy\/"},"modified":"2023-09-18T01:41:53","modified_gmt":"2023-09-17T23:41:53","slug":"privacy-policy","status":"publish","type":"page","link":"https:\/\/remidivingmexico.com\/en\/privacy-policy\/","title":{"rendered":"Privacy Policy"},"content":{"rendered":"\t\t<div data-elementor-type=\"wp-page\" data-elementor-id=\"6703\" class=\"elementor elementor-6703 elementor-1508\" data-elementor-settings=\"{&quot;ha_cmc_init_switcher&quot;:&quot;no&quot;}\">\n\t\t\t\t\t\t<section class=\"elementor-section elementor-top-section elementor-element elementor-element-61dc96c elementor-section-boxed elementor-section-height-default elementor-section-height-default exad-glass-effect-no wpr-particle-no wpr-jarallax-no wpr-parallax-no wpr-sticky-section-no wpr-column-slider-no wpr-equal-height-no exad-sticky-section-no\" data-id=\"61dc96c\" data-element_type=\"section\">\n\t\t\t\t\t\t<div class=\"elementor-container elementor-column-gap-extended\">\n\t\t\t\t\t<div class=\"elementor-column elementor-col-100 elementor-top-column elementor-element elementor-element-501dd007 sc_inner_width_none sc_layouts_column_icons_position_left exad-glass-effect-no exad-sticky-section-no\" data-id=\"501dd007\" data-element_type=\"column\">\n\t\t\t<div class=\"elementor-widget-wrap elementor-element-populated\">\n\t\t\t\t\t\t<div class=\"elementor-element elementor-element-086a812 exad-sticky-section-no exad-glass-effect-no sc_fly_static elementor-widget elementor-widget-heading\" data-id=\"086a812\" data-element_type=\"widget\" data-widget_type=\"heading.default\">\n\t\t\t\t<div class=\"elementor-widget-container\">\n\t\t\t\t\t<h2 class=\"elementor-heading-title elementor-size-default\">Remi Diving Tours Privacy Policy<\/h2>\t\t\t\t<\/div>\n\t\t\t\t<\/div>\n\t\t\t\t<div class=\"elementor-element elementor-element-61f57ae7 exad-sticky-section-no exad-glass-effect-no sc_fly_static elementor-widget elementor-widget-text-editor\" data-id=\"61f57ae7\" data-element_type=\"widget\" data-widget_type=\"text-editor.default\">\n\t\t\t\t<div class=\"elementor-widget-container\">\n\t\t\t\t\t\t\t\t\t<p>Privacy Policy<\/p><p>Welcome to https:\/\/remidivingmexico.com (the \u201cSite\u201d). We understand that privacy online is important to users of our Site, especially when conducting business. Cette d\u00e9claration r\u00e9git nos politiques de confidentialit\u00e9 \u00e0 l\u2019\u00e9gard des utilisateurs du Site (&#8220;Visiteurs&#8221;) qui visitent sans faire d\u2019affaires et des Visiteurs qui s\u2019inscrivent pour effectuer des transactions commerciales sur le Site et utilisent les diff\u00e9rents services offerts par<br \/>Remi Diving (collectivement, les &#8220;Services&#8221;) (&#8220;Clients autoris\u00e9s&#8221;).<\/p><h3>&#8220;Informations personnellement identifiables&#8221;<\/h3><p>fait r\u00e9f\u00e9rence \u00e0 toute information qui identifie ou peut \u00eatre utilis\u00e9e pour identifier, contacter ou localiser la personne \u00e0 laquelle ces informations se rapportent, y compris, mais sans s\u2019y limiter, le nom, l\u2019adresse, le num\u00e9ro de t\u00e9l\u00e9phone, le num\u00e9ro de fax, l\u2019adresse e-mail, les profils financiers, le num\u00e9ro de s\u00e9curit\u00e9 sociale et les informations de carte de cr\u00e9dit. Les informations personnellement identifiables n\u2019incluent pas les informations collect\u00e9es de mani\u00e8re anonyme (c\u2019est-\u00e0-dire sans identification de l\u2019utilisateur individuel) ou les informations d\u00e9mographiques non li\u00e9es \u00e0 une personne identifi\u00e9e.<\/p><h3>Quelles informations personnellement identifiables sont collect\u00e9es?<\/h3><p>Nous pouvons collecter des informations de base sur le profil d\u2019utilisateur de tous nos visiteurs. Nous recueillons les informations suppl\u00e9mentaires suivantes aupr\u00e8s de nos clients autoris\u00e9s : the name, email address,<\/p><h3>Quelles organisations recueillent l\u2019information?<\/h3><p>En plus de notre collecte directe d\u2019informations, nos fournisseurs de services tiers (tels que les soci\u00e9t\u00e9s de cartes de cr\u00e9dit, les chambres de compensation et les banques) qui peuvent fournir des services tels que des services de cr\u00e9dit, d\u2019assurance et d\u2019entiercement peuvent collecter ces informations aupr\u00e8s de nos visiteurs et clients autoris\u00e9s. Nous ne contr\u00f4lons pas la fa\u00e7on dont ces tiers utilisent ces informations, mais nous leur demandons de divulguer comment ils utilisent les informations personnelles qui leur sont fournies par les visiteurs et les clients autoris\u00e9s. Certains de ces tiers peuvent \u00eatre des interm\u00e9diaires qui agissent uniquement en tant que maillons de la cha\u00eene de distribution et ne stockent, ne conservent ni n\u2019utilisent les informations qui leur sont fournies.<\/p><h3>Comment le Site utilise-t-il les Informations personnellement Identifiables ?<\/h3><p>Nous utilisons les informations personnellement identifiables pour personnaliser le site, pour faire des offres de services appropri\u00e9es et pour r\u00e9pondre aux demandes d\u2019achat et de vente sur le site. Nous pouvons envoyer un courriel aux visiteurs et aux clients autoris\u00e9s au sujet de la recherche ou des opportunit\u00e9s d\u2019achat et de vente sur le site ou d\u2019informations li\u00e9es \u00e0 l\u2019objet du site. Nous pouvons \u00e9galement utiliser des informations personnellement identifiables pour contacter les visiteurs et les clients autoris\u00e9s en r\u00e9ponse \u00e0 des demandes sp\u00e9cifiques, ou pour fournir les informations demand\u00e9es.<\/p><h3>Avec qui les informations peuvent-elles \u00eatre partag\u00e9es?<\/h3><p>Les informations personnellement identifiables sur les clients autoris\u00e9s peuvent \u00eatre partag\u00e9es avec d\u2019autres clients autoris\u00e9s qui souhaitent \u00e9valuer des transactions potentielles avec d\u2019autres clients autoris\u00e9s. Nous pouvons partager des informations agr\u00e9g\u00e9es sur nos visiteurs, y compris les donn\u00e9es d\u00e9mographiques de nos visiteurs et clients autoris\u00e9s, avec nos agences affili\u00e9es et des fournisseurs tiers. Nous offrons \u00e9galement la possibilit\u00e9 de refuser de recevoir des informations ou d\u2019\u00eatre contact\u00e9 par nous ou par toute agence agissant en notre nom.<\/p><h3>Comment les informations personnellement identifiables sont-elles stock\u00e9es?<\/h3><p>Informations personnellement identifiables collect\u00e9es par Remi Diving est stock\u00e9 en toute s\u00e9curit\u00e9 et n\u2019est pas accessible \u00e0 des tiers ou \u00e0 des employ\u00e9s de Remi Diving sauf pour une utilisation comme indiqu\u00e9 ci-dessus.<\/p><h3>Quels sont les choix qui s\u2019offrent aux Visiteurs en ce qui concerne la collecte, l\u2019utilisation et la distribution des informations ?<\/h3><p>Les visiteurs et les clients autoris\u00e9s peuvent choisir de ne pas recevoir d\u2019informations non sollicit\u00e9es de notre part ou d\u2019\u00eatre contact\u00e9s par nous et \/ ou nos fournisseurs et agences affili\u00e9es en r\u00e9pondant aux e-mails selon les instructions, ou en nous contactant \u00e0 l\u2019adresse contact@remidivingmexico.com<\/p><h3>Cookies<\/h3><p>Un cookie est une cha\u00eene d\u2019informations qu\u2019un site Web stocke sur l\u2019ordinateur d\u2019un visiteur et que le navigateur du visiteur fournit au site Web chaque fois que le visiteur revient.<\/p><p>Nous utilisons des &#8221; cookies &#8221; pour collecter des informations. Vous pouvez demander \u00e0 votre navigateur de refuser tous les cookies ou d\u2019indiquer quand un cookie est envoy\u00e9. Toutefois, si vous n\u2019acceptez pas les cookies, vous ne pourrez peut-\u00eatre pas utiliser certaines parties de notre Service.<\/p><h3>Des cookies sont-ils utilis\u00e9s sur le site ?<\/h3><p>Les cookies sont utilis\u00e9s pour diverses raisons. Nous utilisons des cookies pour obtenir des informations sur les pr\u00e9f\u00e9rences de nos visiteurs et les services qu\u2019ils s\u00e9lectionnent. Nous utilisons \u00e9galement des cookies \u00e0 des fins de s\u00e9curit\u00e9 pour prot\u00e9ger nos clients autoris\u00e9s. Par exemple, si un client autoris\u00e9 est connect\u00e9 et que le site est inutilis\u00e9 pendant plus de 10 minutes, nous d\u00e9connecterons automatiquement le client autoris\u00e9. Les visiteurs qui ne souhaitent pas que des cookies soient plac\u00e9s sur leur ordinateur doivent configurer leur navigateur pour refuser les cookies avant d\u2019utiliser https:\/\/remidivingmexico.com , avec l\u2019inconv\u00e9nient que certaines fonctionnalit\u00e9s du site Web peuvent ne pas fonctionner correctement sans l\u2019aide de cookies.<\/p><h3>Cookies utilis\u00e9s par nos prestataires de services<\/h3><p>Nos fournisseurs de services utilisent des cookies et ces cookies peuvent \u00eatre stock\u00e9s sur votre ordinateur lorsque vous visitez notre site Web. Vous trouverez plus de d\u00e9tails sur les cookies utilis\u00e9s dans notre page d\u2019informations sur les cookies.<\/p><h3>Comment WPLegalPages utilise-t-il les informations de connexion ?<\/h3><p>Remi Diving utilise les informations de connexion, y compris, mais sans s\u2019y limiter, les adresses IP, les FAI et les types de navigateur, la version du navigateur, les pages visit\u00e9es, la date et l\u2019heure de la visite, pour analyser les tendances, administrer le site, suivre les mouvements et l\u2019utilisation d\u2019un utilisateur et recueillir des informations d\u00e9mographiques g\u00e9n\u00e9rales.<\/p><h3>Quels partenaires ou fournisseurs de services ont acc\u00e8s aux informations personnellement identifiables des visiteurs et \/ ou des clients autoris\u00e9s sur le site?<\/h3><p>Remi Diving a conclu et continuera de conclure des partenariats et d\u2019autres affiliations avec un certain nombre de fournisseurs. Ces fournisseurs peuvent avoir acc\u00e8s \u00e0 certaines informations personnellement identifiables sur la base de l\u2019\u00e9valuation de l\u2019\u00e9ligibilit\u00e9 au service des clients autoris\u00e9s. Notre politique de confidentialit\u00e9 ne couvre pas leur collecte ou leur utilisation de ces informations.<\/p><h3>Comment le Site assure-t-il la s\u00e9curit\u00e9 des Informations Personnellement Identifiables ?<\/h3><p>Tous nos employ\u00e9s connaissent notre politique et nos pratiques en mati\u00e8re de s\u00e9curit\u00e9. Les informations personnellement identifiables de nos visiteurs et clients autoris\u00e9s ne sont accessibles qu\u2019\u00e0 un nombre limit\u00e9 d\u2019employ\u00e9s qualifi\u00e9s qui re\u00e7oivent un mot de passe afin d\u2019acc\u00e9der \u00e0 ces informations. Nous auditons r\u00e9guli\u00e8rement nos syst\u00e8mes et processus de s\u00e9curit\u00e9. Les informations sensibles, telles que les num\u00e9ros de carte de cr\u00e9dit ou les num\u00e9ros de s\u00e9curit\u00e9 sociale, sont prot\u00e9g\u00e9es par des protocoles de cryptage, en place pour prot\u00e9ger les informations envoy\u00e9es sur Internet. Bien que nous prenions des mesures commercialement raisonnables pour maintenir un site s\u00e9curis\u00e9, les communications \u00e9lectroniques et les bases de donn\u00e9es sont sujettes \u00e0 des erreurs, des falsifications et des effractions, et nous ne pouvons pas garantir que de tels \u00e9v\u00e9nements n\u2019auront pas lieu et nous ne serons pas responsables envers les visiteurs ou les clients autoris\u00e9s pour de tels \u00e9v\u00e9nements.<\/p><h3>Comment les visiteurs peuvent-ils corriger toute inexactitude dans les informations personnellement identifiables?<\/h3><p>Les visiteurs et les clients autoris\u00e9s peuvent nous contacter pour mettre \u00e0 jour les informations personnellement identifiables les concernant ou pour corriger toute inexactitude en nous envoyant un e-mail \u00e0 l\u2019adresse contact@remidivingmexico.com .<\/p><h3>Un Visiteur peut-il supprimer ou d\u00e9sactiver les Informations personnellement identifiables collect\u00e9es par le Site ?<\/h3><p>Nous fournissons aux visiteurs et aux clients autoris\u00e9s un m\u00e9canisme pour supprimer \/ d\u00e9sactiver les informations personnellement identifiables de la base de donn\u00e9es du site en les contactant. Cependant, en raison des sauvegardes et des enregistrements de suppressions, il peut \u00eatre impossible de supprimer l\u2019entr\u00e9e d\u2019un visiteur sans conserver certaines informations r\u00e9siduelles. Une personne qui demande la d\u00e9sactivation d\u2019informations personnellement identifiables verra ces informations supprim\u00e9es de mani\u00e8re fonctionnelle, et nous ne vendrons, ne transf\u00e9rerons ni n\u2019utiliserons d\u2019informations personnellement identifiables relatives \u00e0 cette personne de quelque mani\u00e8re que ce soit \u00e0 l\u2019avenir.<\/p><h3>Vos droits<\/h3><p>Ce sont des droits r\u00e9sum\u00e9s que vous avez en vertu de la loi sur la protection des donn\u00e9es<\/p><ul><li>Le droit d\u2019acc\u00e8s<\/li><li>Le droit de rectification<\/li><li>Le droit \u00e0 l\u2019effacement<\/li><li>Le droit de restreindre le traitement<\/li><li>Le droit de s\u2019opposer au traitement<\/li><li>Le droit \u00e0 la portabilit\u00e9 des donn\u00e9es<\/li><li>Le droit de porter plainte aupr\u00e8s d\u2019une autorit\u00e9 de contr\u00f4le<\/li><li>Le droit de retirer son consentement<\/li><\/ul><h3>Protection de la vie priv\u00e9e des enfants<\/h3><p>Notre Service ne s\u2019adresse pas aux &#8221; Enfants &#8220;, toute personne \u00e2g\u00e9e de moins de 18 ans, et nous ne recueillons pas sciemment d\u2019informations personnellement identifiables aupr\u00e8s d\u2019enfants de moins de 18 ans.<\/p><p>Si vous \u00eates un parent ou un tuteur et que vous savez que votre enfant nous a fourni des informations personnelles, veuillez nous contacter imm\u00e9diatement aux coordonn\u00e9es fournies. Si nous apprenons que des enfants de moins de 18 ans ont fourni des informations personnelles, nous supprimerons imm\u00e9diatement les informations de nos serveurs.<\/p><h3>Respect des lois<\/h3><p>Divulgation d\u2019informations personnellement identifiables pour se conformer \u00e0 la loi. Nous divulguerons des informations personnellement identifiables afin de nous conformer \u00e0 une ordonnance d\u2019un tribunal ou \u00e0 une assignation \u00e0 compara\u00eetre ou \u00e0 une demande d\u2019un organisme d\u2019application de la loi de divulguer des informations. Nous divulguerons \u00e9galement des informations personnellement identifiables lorsque cela est raisonnablement n\u00e9cessaire pour prot\u00e9ger la s\u00e9curit\u00e9 de nos visiteurs et de nos clients autoris\u00e9s.<\/p><h3>Que se passe-t-il si la politique de confidentialit\u00e9 change?<\/h3><p>Nous informerons nos visiteurs et clients autoris\u00e9s des modifications apport\u00e9es \u00e0 notre politique de confidentialit\u00e9 en publiant ces modifications sur le site. Toutefois, si nous modifions notre politique de confidentialit\u00e9 d\u2019une mani\u00e8re qui pourrait entra\u00eener la divulgation d\u2019informations personnellement identifiables qu\u2019un visiteur ou un client autoris\u00e9 a pr\u00e9c\u00e9demment demand\u00e9 \u00e0 ne pas divulguer, nous contacterons ce visiteur ou ce client autoris\u00e9 pour permettre \u00e0 ce visiteur ou client autoris\u00e9 d\u2019emp\u00eacher une telle divulgation.<\/p><h3>Liens<\/h3><p>https:\/\/remidivingmexico.com contient des liens vers d\u2019autres sites Web. Veuillez noter que lorsque vous cliquez sur l\u2019un de ces liens, vous acc\u00e9dez \u00e0 un autre site Web. Nous vous encourageons \u00e0 lire les d\u00e9clarations de confidentialit\u00e9 de ces sites li\u00e9s, car leurs politiques de confidentialit\u00e9 peuvent diff\u00e9rer des n\u00f4tres.<\/p><h3>Contactez-nous<\/h3><p>Si vous avez des questions concernant cette politique de confidentialit\u00e9, veuillez nous contacter \u00e0 l\u2019adresse contact@remidivingmexico.com<\/p><hr \/><p>Derni\u00e8re mise \u00e0 jour : July 3, 2023<\/p>\t\t\t\t\t\t\t\t<\/div>\n\t\t\t\t<\/div>\n\t\t\t\t\t<\/div>\n\t\t<\/div>\n\t\t\t\t\t<\/div>\n\t\t<\/section>\n\t\t\t\t<\/div>\n\t\t","protected":false},"excerpt":{"rendered":"<p>Remi Diving Tours Privacy Policy Privacy Policy Welcome to https:\/\/remidivingmexico.com (the \u201cSite\u201d).&hellip;<\/p>\n","protected":false},"author":1,"featured_media":0,"parent":0,"menu_order":0,"comment_status":"closed","ping_status":"closed","template":"","meta":{"_eb_attr":"","_joinchat":[],"footnotes":""},"class_list":["post-6703","page","type-page","status-publish","hentry"],"yoast_head":"<!-- This site is optimized with the Yoast SEO plugin v27.5 - https:\/\/yoast.com\/product\/yoast-seo-wordpress\/ -->\n<title>Privacy Policy | Remi Diving in Mexico<\/title>\n<meta name=\"robots\" content=\"noindex, follow\" \/>\n<meta property=\"og:locale\" content=\"en_US\" \/>\n<meta property=\"og:type\" content=\"article\" \/>\n<meta property=\"og:title\" content=\"Privacy Policy | Remi Diving in Mexico\" \/>\n<meta property=\"og:description\" content=\"Remi Diving Tours Privacy Policy Privacy Policy Welcome to https:\/\/remidivingmexico.com (the \u201cSite\u201d).&hellip;\" \/>\n<meta property=\"og:url\" content=\"https:\/\/remidivingmexico.com\/en\/privacy-policy\/\" \/>\n<meta property=\"og:site_name\" content=\"Remi Diving in Mexico\" \/>\n<meta property=\"article:publisher\" content=\"https:\/\/www.facebook.com\/profile.php?id=100089226776754\" \/>\n<meta property=\"article:modified_time\" content=\"2023-09-17T23:41:53+00:00\" \/>\n<meta property=\"og:image\" content=\"https:\/\/remidivingmexico.com\/wp-content\/uploads\/2023\/07\/TRT06626.webp\" \/>\n\t<meta property=\"og:image:width\" content=\"1000\" \/>\n\t<meta property=\"og:image:height\" content=\"563\" \/>\n\t<meta property=\"og:image:type\" content=\"image\/webp\" \/>\n<meta name=\"twitter:card\" content=\"summary_large_image\" \/>\n<meta name=\"twitter:label1\" content=\"Est. reading time\" \/>\n\t<meta name=\"twitter:data1\" content=\"8 minutes\" \/>\n<script type=\"application\/ld+json\" class=\"yoast-schema-graph\">{\"@context\":\"https:\\\/\\\/schema.org\",\"@graph\":[{\"@type\":\"WebPage\",\"@id\":\"https:\\\/\\\/remidivingmexico.com\\\/en\\\/privacy-policy\\\/\",\"url\":\"https:\\\/\\\/remidivingmexico.com\\\/en\\\/privacy-policy\\\/\",\"name\":\"Privacy Policy | Remi Diving in Mexico\",\"isPartOf\":{\"@id\":\"https:\\\/\\\/remidivingmexico.com\\\/en\\\/#website\"},\"datePublished\":\"2023-07-03T23:01:42+00:00\",\"dateModified\":\"2023-09-17T23:41:53+00:00\",\"breadcrumb\":{\"@id\":\"https:\\\/\\\/remidivingmexico.com\\\/en\\\/privacy-policy\\\/#breadcrumb\"},\"inLanguage\":\"en-US\",\"potentialAction\":[{\"@type\":\"ReadAction\",\"target\":[\"https:\\\/\\\/remidivingmexico.com\\\/en\\\/privacy-policy\\\/\"]}]},{\"@type\":\"BreadcrumbList\",\"@id\":\"https:\\\/\\\/remidivingmexico.com\\\/en\\\/privacy-policy\\\/#breadcrumb\",\"itemListElement\":[{\"@type\":\"ListItem\",\"position\":1,\"name\":\"Accueil\",\"item\":\"https:\\\/\\\/remidivingmexico.com\\\/en\\\/\"},{\"@type\":\"ListItem\",\"position\":2,\"name\":\"Privacy Policy\"}]},{\"@type\":\"WebSite\",\"@id\":\"https:\\\/\\\/remidivingmexico.com\\\/en\\\/#website\",\"url\":\"https:\\\/\\\/remidivingmexico.com\\\/en\\\/\",\"name\":\"Remi Diving in Mexico\",\"description\":\"Cenote and sea diving with private guide\",\"publisher\":{\"@id\":\"https:\\\/\\\/remidivingmexico.com\\\/en\\\/#organization\"},\"potentialAction\":[{\"@type\":\"SearchAction\",\"target\":{\"@type\":\"EntryPoint\",\"urlTemplate\":\"https:\\\/\\\/remidivingmexico.com\\\/en\\\/?s={search_term_string}\"},\"query-input\":{\"@type\":\"PropertyValueSpecification\",\"valueRequired\":true,\"valueName\":\"search_term_string\"}}],\"inLanguage\":\"en-US\"},{\"@type\":\"Organization\",\"@id\":\"https:\\\/\\\/remidivingmexico.com\\\/en\\\/#organization\",\"name\":\"Remi Diving in Mexico\",\"url\":\"https:\\\/\\\/remidivingmexico.com\\\/en\\\/\",\"logo\":{\"@type\":\"ImageObject\",\"inLanguage\":\"en-US\",\"@id\":\"https:\\\/\\\/remidivingmexico.com\\\/en\\\/#\\\/schema\\\/logo\\\/image\\\/\",\"url\":\"https:\\\/\\\/remidivingmexico.com\\\/wp-content\\\/uploads\\\/2023\\\/04\\\/remi-logo-3-2-e1684015912945.png\",\"contentUrl\":\"https:\\\/\\\/remidivingmexico.com\\\/wp-content\\\/uploads\\\/2023\\\/04\\\/remi-logo-3-2-e1684015912945.png\",\"width\":350,\"height\":350,\"caption\":\"Remi Diving in Mexico\"},\"image\":{\"@id\":\"https:\\\/\\\/remidivingmexico.com\\\/en\\\/#\\\/schema\\\/logo\\\/image\\\/\"},\"sameAs\":[\"https:\\\/\\\/www.facebook.com\\\/profile.php?id=100089226776754\",\"https:\\\/\\\/www.instagram.com\\\/remi.diving\\\/\",\"https:\\\/\\\/www.tripadvisor.fr\\\/Attraction_Review-g150812-d26254766-Reviews-Remi_Diving-Playa_del_Carmen_Yucatan_Peninsula.html\"]}]}<\/script>\n<!-- \/ Yoast SEO plugin. -->","yoast_head_json":{"title":"Privacy Policy | Remi Diving in Mexico","robots":{"index":"noindex","follow":"follow"},"og_locale":"en_US","og_type":"article","og_title":"Privacy Policy | Remi Diving in Mexico","og_description":"Remi Diving Tours Privacy Policy Privacy Policy Welcome to https:\/\/remidivingmexico.com (the \u201cSite\u201d).&hellip;","og_url":"https:\/\/remidivingmexico.com\/en\/privacy-policy\/","og_site_name":"Remi Diving in Mexico","article_publisher":"https:\/\/www.facebook.com\/profile.php?id=100089226776754","article_modified_time":"2023-09-17T23:41:53+00:00","og_image":[{"width":1000,"height":563,"url":"https:\/\/remidivingmexico.com\/wp-content\/uploads\/2023\/07\/TRT06626.webp","type":"image\/webp"}],"twitter_card":"summary_large_image","twitter_misc":{"Est. reading time":"8 minutes"},"schema":{"@context":"https:\/\/schema.org","@graph":[{"@type":"WebPage","@id":"https:\/\/remidivingmexico.com\/en\/privacy-policy\/","url":"https:\/\/remidivingmexico.com\/en\/privacy-policy\/","name":"Privacy Policy | Remi Diving in Mexico","isPartOf":{"@id":"https:\/\/remidivingmexico.com\/en\/#website"},"datePublished":"2023-07-03T23:01:42+00:00","dateModified":"2023-09-17T23:41:53+00:00","breadcrumb":{"@id":"https:\/\/remidivingmexico.com\/en\/privacy-policy\/#breadcrumb"},"inLanguage":"en-US","potentialAction":[{"@type":"ReadAction","target":["https:\/\/remidivingmexico.com\/en\/privacy-policy\/"]}]},{"@type":"BreadcrumbList","@id":"https:\/\/remidivingmexico.com\/en\/privacy-policy\/#breadcrumb","itemListElement":[{"@type":"ListItem","position":1,"name":"Accueil","item":"https:\/\/remidivingmexico.com\/en\/"},{"@type":"ListItem","position":2,"name":"Privacy Policy"}]},{"@type":"WebSite","@id":"https:\/\/remidivingmexico.com\/en\/#website","url":"https:\/\/remidivingmexico.com\/en\/","name":"Remi Diving in Mexico","description":"Cenote and sea diving with private guide","publisher":{"@id":"https:\/\/remidivingmexico.com\/en\/#organization"},"potentialAction":[{"@type":"SearchAction","target":{"@type":"EntryPoint","urlTemplate":"https:\/\/remidivingmexico.com\/en\/?s={search_term_string}"},"query-input":{"@type":"PropertyValueSpecification","valueRequired":true,"valueName":"search_term_string"}}],"inLanguage":"en-US"},{"@type":"Organization","@id":"https:\/\/remidivingmexico.com\/en\/#organization","name":"Remi Diving in Mexico","url":"https:\/\/remidivingmexico.com\/en\/","logo":{"@type":"ImageObject","inLanguage":"en-US","@id":"https:\/\/remidivingmexico.com\/en\/#\/schema\/logo\/image\/","url":"https:\/\/remidivingmexico.com\/wp-content\/uploads\/2023\/04\/remi-logo-3-2-e1684015912945.png","contentUrl":"https:\/\/remidivingmexico.com\/wp-content\/uploads\/2023\/04\/remi-logo-3-2-e1684015912945.png","width":350,"height":350,"caption":"Remi Diving in Mexico"},"image":{"@id":"https:\/\/remidivingmexico.com\/en\/#\/schema\/logo\/image\/"},"sameAs":["https:\/\/www.facebook.com\/profile.php?id=100089226776754","https:\/\/www.instagram.com\/remi.diving\/","https:\/\/www.tripadvisor.fr\/Attraction_Review-g150812-d26254766-Reviews-Remi_Diving-Playa_del_Carmen_Yucatan_Peninsula.html"]}]}},"_links":{"self":[{"href":"https:\/\/remidivingmexico.com\/en\/wp-json\/wp\/v2\/pages\/6703","targetHints":{"allow":["GET"]}}],"collection":[{"href":"https:\/\/remidivingmexico.com\/en\/wp-json\/wp\/v2\/pages"}],"about":[{"href":"https:\/\/remidivingmexico.com\/en\/wp-json\/wp\/v2\/types\/page"}],"author":[{"embeddable":true,"href":"https:\/\/remidivingmexico.com\/en\/wp-json\/wp\/v2\/users\/1"}],"replies":[{"embeddable":true,"href":"https:\/\/remidivingmexico.com\/en\/wp-json\/wp\/v2\/comments?post=6703"}],"version-history":[{"count":0,"href":"https:\/\/remidivingmexico.com\/en\/wp-json\/wp\/v2\/pages\/6703\/revisions"}],"wp:attachment":[{"href":"https:\/\/remidivingmexico.com\/en\/wp-json\/wp\/v2\/media?parent=6703"}],"curies":[{"name":"wp","href":"https:\/\/api.w.org\/{rel}","templated":true}]}}